{"id":311,"date":"1989-01-09T00:01:16","date_gmt":"1989-01-08T23:01:16","guid":{"rendered":"http:\/\/www.editiondaslabor.de\/blog\/?page_id=311"},"modified":"2026-01-25T14:32:37","modified_gmt":"2026-01-25T13:32:37","slug":"chronik","status":"publish","type":"page","link":"http:\/\/www.editiondaslabor.de\/blog\/chronik\/","title":{"rendered":"Chronik"},"content":{"rendered":"<ul>\n<li>2025 &#8211; <a href=\"http:\/\/schmieds-katze.de\/\">Schmieds Katze<\/a>, <em>Vertellst\u00fcckskers<\/em> von Johannes Schmidt.<\/li>\n<li>2024 &#8211; Die Edition Das Labor stellt ein nachgelassenes <a href=\"http:\/\/www.editiondaslabor.de\/?p=1849\">Poem<\/a> von A.J. Weigoni in 366 Strophen als Netzpublikation ein. Flankiert wird das <a href=\"http:\/\/www.editiondaslabor.de\/2024\/12\/31\/nachwort\/\">Langstreckenpoem<\/a> durch k\u00fcnstlerische Arbeiten von <a href=\"http:\/\/www.editiondaslabor.de\/blog\/2023\/02\/04\/ueber-den-aus-drucks-willen\/\">Haimo Hieronymus<\/a>. In seinen <em>Rotationen<\/em> gibt es Zeichnungen von Feldern aus konzentrischen Ringen, die sich bedr\u00e4ngen und verformen.<\/li>\n<li>2023 &#8211; Zu Beginn des Essayjahres machte sich Holger Benkel <a href=\"http:\/\/www.editiondaslabor.de\/blog\/?p=13332\">gedanken \u00fcber das denken<\/a>.<\/li>\n<li>2022 &#8211; Im Jahr 2022 widmet sich KUNO ausf\u00fchrlich der literarischen Kunstform <a href=\"http:\/\/www.editiondaslabor.de\/blog\/2022\/01\/01\/ein-novellistisches-jahr\/\">Novelle<\/a>.<\/li>\n<li>2022 &#8211; In der Edition Das Labor startet eine <a href=\"http:\/\/www.editiondaslabor.de\/blog\/2022\/05\/13\/junge-stimmen-aus-dem-sauerland\/\">Reihe<\/a> mit jungen Autoren und Autorinnen.<\/li>\n<li>2021 &#8211; <a href=\"http:\/\/www.editiondaslabor.de\/blog\/2024\/03\/19\/ueber-leben-ueberleben\/\"><em>Leben\u2019n\u2019Werk<\/em><\/a>, das lyrische Gesamtwerk von A.J. Weigoni in einer TB-Studienausgabe. Edition das Labor 2021<\/li>\n<li>2020 &#8211; <a href=\"http:\/\/www.editiondaslabor.de\/blog\/2020\/11\/04\/moeppelheim\/\">Guppy im Gin<\/a>, weitere Geschichten von Herrn Nipp<\/li>\n<li>2019 &#8211; <a href=\"http:\/\/www.editiondaslabor.de\/blog\/2019\/01\/18\/nackte-fakten-verkleidete-fiktionen\/\">Vorlass<\/a>, Gebrauchsprosa von <a href=\"http:\/\/de.wikipedia.org\/wiki\/Weigoni\">A.J. Weigoni<\/a><\/li>\n<li>2019 &#8211; <a href=\"http:\/\/www.editiondaslabor.de\/blog\/2019\/12\/04\/fatale-wirkungen\/\"><em>Fatale Wirkungen<\/em><\/a>, von Herrn Nipp. Mit Fotos von Stephanie Neuhaus.<\/li>\n<li>2018 \u2013\u00a0<em><a href=\"http:\/\/www.editiondaslabor.de\/blog\/2018\/10\/13\/630_gesamtkunstwerk\/\">630<\/a>, <\/em>Booklet\u00a0von <a href=\"http:\/\/peter-meilchen.der-bogen.de\/\">Peter Meilchen<\/a>, <a href=\"http:\/\/www.tonstudio-an-der-ruhr.de\/\">Tom T\u00e4ger\u00a0<\/a>&amp; <a href=\"http:\/\/de.wikipedia.org\/wiki\/Weigoni\">A.J. Weigoni<\/a>. Ausstellung in der Werkstattgalerie Der Bogen, Arnsberg und im Kunstverein Linz.<\/li>\n<li>2018 \u2013\u00a0<a href=\"http:\/\/www.editiondaslabor.de\/?p=1355\">Lokalhelden<\/a>, Roman von <a href=\"http:\/\/de.wikipedia.org\/wiki\/Weigoni\">A.J. Weigoni<\/a><\/li>\n<li>2018 \u2013\u00a0<a href=\"http:\/\/www.editiondaslabor.de\/?p=1367\">Zyklop I<\/a>, Photobuch von <a href=\"http:\/\/de.wikipedia.org\/wiki\/Haimo_Hieronymus\">Haimo Hieronymus<\/a>. Limitierte Auflage.<\/li>\n<li>2017 \u2013 <a href=\"http:\/\/www.editiondaslabor.de\/blog\/?p=41385\"><em>\u00dcber Heblichkeiten, Floskeln und andere Ausrutscher<\/em><\/a> aus den Notizb\u00fcchern des Herrn Nipp<\/li>\n<li>2017 \u2013 <a href=\"http:\/\/www.editiondaslabor.de\/blog\/2024\/02\/29\/ueber-das-lyrische-werk-von-a-j-weigoni\/\">Der Schuber<\/a>, das lyrische Werk von <a href=\"http:\/\/de.wikipedia.org\/wiki\/Weigoni\">A.J. Weigoni<\/a> + ein H\u00f6rbuch mit den Gesamteinspielungen, Edition Das Labor, M\u00fclheim 2017<\/li>\n<li>2016 \u2013 <a href=\"http:\/\/www.editiondaslabor.de\/blog\/?p=33725\">Partiale<\/a>, Buch\/Katalogprojekt von <a href=\"http:\/\/de.wikipedia.org\/wiki\/Haimo_Hieronymus\">Haimo Hieronymus<\/a> + Gedichte von <a href=\"http:\/\/de.wikipedia.org\/wiki\/Weigoni\">A.J. Weigoni<\/a><\/li>\n<li>2016 \u2013 <a href=\"http:\/\/www.editiondaslabor.de\/blog\/?p=29351\">Letternmusik<\/a>, Gedichte von A.J. Weigoni.<\/li>\n<li>2016 \u2013 <a href=\"http:\/\/www.editiondaslabor.de\/?p=899\">Twitteratur<\/a>, zur Genese einer Literaturgattung, Anthologie, Hg. von <a href=\"http:\/\/www.buecher-wiki.de\/index.php\/BuecherWiki\/HagedornMatthias\">Matthias Hagedorn<\/a><\/li>\n<li>2015\u00a0\u2013\u00a0<a href=\"http:\/\/www.editiondaslabor.de\/blog\/?p=31389\">Super Speed Art Exhibiton Tour<\/a> von <a href=\"http:\/\/de.wikipedia.org\/wiki\/Haimo_Hieronymus\">Haimo Hieronymus<\/a> und <a href=\"http:\/\/stephanie-neuhaus.der-bogen.de\/\">Stephanie Neuhaus.<\/a><\/li>\n<li>2015\u00a0\u2013 <a href=\"http:\/\/www.editiondaslabor.de\/blog\/?p=27376\">Schmauchspuren<\/a>, Gedichte von <a href=\"http:\/\/de.wikipedia.org\/wiki\/Weigoni\">A.J. Weigoni.<\/a><\/li>\n<li>2015\u00a0\u2013 <a href=\"http:\/\/www.editiondaslabor.de\/blog\/?p=29369\">Seelenland<\/a>, Gedichte von <a href=\"http:\/\/www.editiondaslabor.de\/blog\/?p=12769\">Holger Benkel<\/a>.<\/li>\n<li>2015 \u2013 <a href=\"http:\/\/www.buecher-wiki.de\/index.php\/BuecherWiki\/WeigoniGedichte\">Gedichte <\/a>H\u00f6rBuch mit den lyrischen Gesamtaufnahmen von <a href=\"http:\/\/de.wikipedia.org\/wiki\/Weigoni\">A.J. Weigoni<\/a>, remastered von <a href=\"http:\/\/www.tonstudio-an-der-ruhr.de\/\">Tom T\u00e4ger<\/a> f\u00fcr die Edition Das Labor, M\u00fclheim an der Ruhr.<\/li>\n<li>2014\u00a0\u2013 <a href=\"http:\/\/www.editiondaslabor.de\/blog\/?p=21500\">Abgeschlossenes Sammelgebiet<\/a>, Roman von <a href=\"http:\/\/de.wikipedia.org\/wiki\/Weigoni\">A.J. Weigoni<\/a><\/li>\n<li>2014\u00a0\u2013 <a href=\"http:\/\/www.editiondaslabor.de\/blog\/?p=27438\">Gezeitengespr\u00e4ch<\/a>, von Haimo Hieronymus und Karl Hosse<\/li>\n<li>2014 \u2013 <a href=\"http:\/\/www.editiondaslabor.de\/blog\/2014\/12\/09\/twitteratur-eine-neue-literaturgattung\/\">Twitteratur<\/a>, Genese einer Literaturgattung, Hg. Matthias Hagedorn<\/li>\n<li>2014\u00a0\u2013 <a href=\"http:\/\/www.editiondaslabor.de\/blog\/?p=19038\">Wortspielhalle<\/a>, von <a href=\"http:\/\/de.wikipedia.org\/wiki\/Sophie_Reyer\">Sophie Reyer<\/a> und <a href=\"http:\/\/de.wikipedia.org\/wiki\/Weigoni\">A.J. Weigoni<\/a><\/li>\n<li>2014\u00a0\u2013 <a href=\"http:\/\/www.editiondaslabor.de\/blog\/?p=21518\">50 Jahre Krumscheid \/ Meilchen und der Bogen<\/a> im Kunstverein Linz<\/li>\n<li>2014\u00a0\u2013 <a href=\"http:\/\/www.editiondaslabor.de\/blog\/?p=21407\">Alphabetikon<\/a>,\u00a0Ausstellung\u00a0 (mit Katalog) von <a href=\"http:\/\/de.wikipedia.org\/wiki\/Haimo_Hieronymus\">Haimo Hieronymus<\/a> in der <a href=\"http:\/\/www.der-bogen.de\/\">Werkstattgalerie Der Bogen<\/a>.<\/li>\n<li>2014\u00a0\u2013 <a href=\"http:\/\/www.editiondaslabor.de\/blog\/?p=21478\">Essays<\/a>, von <a href=\"http:\/\/www.editiondaslabor.de\/blog\/?p=12769\">Holger Benkel<\/a><\/li>\n<li>2013 \u2013 Gleichfalls in 2013 versuchte KUNO mit Essays <a href=\"http:\/\/www.editiondaslabor.de\/blog\/2013\/01\/02\/mit-essays-licht-ins-dasein-bringen\/\">mehr Licht ins Dasein zu bringen<\/a>.<\/li>\n<li>2013 \u2013 <a href=\"http:\/\/www.editiondaslabor.de\/blog\/?p=15301\">Schimpfen<\/a>, Roman von <a href=\"http:\/\/www.editiondaslabor.de\/?p=208\">Peter Meilchen<\/a><\/li>\n<li>2013 \u2013 <a href=\"http:\/\/www.editiondaslabor.de\/?p=468\">Trans &#8211;<\/a> Reflexionen \u00fcber Menschen, Medien, Netze und Maschinen Aufs\u00e4tze 1996 \u2013 2013 von <a href=\"http:\/\/www.editiondaslabor.de\/blog\/?p=16147\">Joachim Paul <\/a><\/li>\n<li>2013 \u2013 <a href=\"http:\/\/www.editiondaslabor.de\/?p=395\">Parlandos<\/a>, Langgedichte &amp; Zyklen von <a href=\"http:\/\/de.wikipedia.org\/wiki\/Weigoni\">A.J. Weigoni<\/a><\/li>\n<li>2013 \u2013 Leben in M\u00f6glichkeitsfloskeln, Twitteratur von Peter Meilchen auf <a href=\"http:\/\/www.editiondaslabor.de\/blog\/?author=52\">KUNO<\/a><\/li>\n<li>2013 \u2013 <a href=\"http:\/\/www.editiondaslabor.de\/?p=252\">Gedanken, die um Ecken biegen<\/a>, Aphorismen von <a href=\"http:\/\/www.editiondaslabor.de\/blog\/?p=6898\">Holger Benkel<\/a><\/li>\n<li>2012 \u2013 <a href=\"http:\/\/www.editiondaslabor.de\/blog\/?p=9294\">Unerh\u00f6rte M\u00f6glichkeiten<\/a>, neues aus dem Nippiversum, <em>Twitteratur<\/em> von <a href=\"http:\/\/de.wikipedia.org\/wiki\/Haimo_Hieronymus\">Haimo Hieronymus<\/a><\/li>\n<li>2012 \u2013 <a href=\"http:\/\/www.kultura-extra.de\/literatur\/rezensionen\/buchkritik_weigoni_cyberspasz.php\">Cyberspasz<\/a>, Novellen von <a href=\"http:\/\/de.wikipedia.org\/wiki\/Weigoni\">A. J. Weigoni<\/a><\/li>\n<li>2012 \u2013 <a href=\"http:\/\/www.bookrix.de\/_title-de-matthias-hagedorn-regalien\">Regalien<\/a> in der Werkstattgalerie Der Bogen.<\/li>\n<li>2011 \u2013 <a href=\"http:\/\/www.editiondaslabor.de\/blog\/2011\/12\/12\/rheintor-revisited\/\">Rheintor, Linz \u2013 Anno Domini 2011<\/a>, Edition Das Labor \u2013 Limitierte und handsignierte Auflage von 100 Exemplaren. \u2013 Jedem Exemplar 1 \u2013 50 liegt ein Holzschnitt von <a href=\"http:\/\/de.wikipedia.org\/wiki\/Haimo_Hieronymus\">Haimo Hieronymus<\/a> bei.<\/li>\n<li>2011 \u2013 <a href=\"http:\/\/vordenker.de\/metaphon.htm\">MetaPhon<\/a>, Facetten der multimedialen Kunst auf vordenker.<\/li>\n<li>2011 \u2013 <a href=\"http:\/\/jetzt.sueddeutsche.de\/texte\/anzeigen\/532350\">Die Angst perfekter Schwiegers\u00f6hne <\/a>von Haimo Hieronymus, Edition Das Labor. Die limitierte und handsignierte Auflage ist versehen mit einem Holzschnitt.<\/li>\n<li>2011 \u2013 <a href=\"http:\/\/www.vordenker.de\/weigoni\/skoping.htm\">Ein Ort. Skoping<\/a> von <a href=\"http:\/\/de.wikipedia.org\/wiki\/Weigoni\">A.J. Weigoni<\/a>, mit <a href=\"http:\/\/www.heidrun-grote.de\/\">Heidrun Grote<\/a>. H\u00f6rbuch \u00fcber das <a href=\"http:\/\/www.stiftung-kuenstlerdorf.de\/index.html\">K\u00fcnstlerdorf Sch\u00f6ppingen<\/a>, remastered auf CD von <a href=\"http:\/\/www.tonstudio-an-der-ruhr.de\/\">Tom T\u00e4ger<\/a> f\u00fcr die Edition Das Labor, M\u00fclheim an der Ruhr.<\/li>\n<li>2011 \u2013 <a href=\"http:\/\/www.buecher-wiki.de\/index.php\/BuecherWiki\/Hungertuch\">Das Hungertuch<\/a> Dokumentation des K\u00fcnstlerpreises mit den W\u00fcrdigungen der ersten 10 Jahre + einem Holzschnitt von <a href=\"http:\/\/de.wikipedia.org\/wiki\/Haimo_Hieronymus\">Haimo Hieronymus<\/a> direkt auf das Cover gedruckt.<\/li>\n<li>2010 \u2013 <a href=\"http:\/\/www.kultura-extra.de\/literatur\/literatur\/rezensionen\/rezension_weigoni_zombies.php\">Zombies<\/a>, Erz\u00e4hlungen von <a href=\"http:\/\/de.wikipedia.org\/wiki\/Weigoni\">A.J. Weigoni<\/a>, Edition Das Labor, M\u00fclheim an der Ruhr.\u00a0\u00a0Limitierte und handsignierte Auflage von 100 Exemplaren als Hardcover.<\/li>\n<li>2009 \u2013 <a href=\"http:\/\/www.poetenladen.de\/theo-breuer-weigoni.htm\">Vignetten<\/a>, Novelle von <a href=\"http:\/\/de.wikipedia.org\/wiki\/Weigoni\">A.J. Weigoni<\/a>, Edition Das Labor, M\u00fclheim an der Ruhr. Limitierte und handsignierte Auflage von 100 Exemplaren. \u2013 Gleichfalls erh\u00e4ltlich als <a href=\"http:\/\/www.vordenker.de\/taeger\/vignetten.htm\">H\u00f6rbuch<\/a> \u00fcber: info@tonstudio-an-der-ruhr.de.<\/li>\n<li>2009 &#8211; Mit der Schneckenpost setzte sich der Briefroman durch. Mit dem Photokopierer konnte jeder Nonkonformist zum Verleger werden. Mit dem Microbloggingdienst kam die 140-Zeichen-<a href=\"http:\/\/www.editiondaslabor.de\/blog\/2009\/12\/10\/twitteratur-die-denkgenauigkeit-der-spaetmoderne\/\">Twitteratur<\/a>.<\/li>\n<li>2009 \u2013 Der <a href=\"http:\/\/www.vordenker.de\/weigoni\/letternmusik.htm\">Letternmusik-Remix<\/a> von <a href=\"http:\/\/itunes.apple.com\/de\/podcast\/karls-zimmer\/id206816916\">Stephan Flomersfeld<\/a> f\u00fcr die Edition Das Labor, M\u00fclheim an der Ruhr.<\/li>\n<li>2008 \u2013 <a href=\"http:\/\/www.buecher-wiki.de\/index.php\/BuecherWiki\/WeigoniGedichte\">Gedichte <\/a>H\u00f6rBuch von <a href=\"http:\/\/de.wikipedia.org\/wiki\/Weigoni\">A.J. Weigoni<\/a>, remastered auf CD von <a href=\"http:\/\/www.tonstudio-an-der-ruhr.de\/\">Tom T\u00e4ger<\/a> f\u00fcr die Edition Das Labor, M\u00fclheim an der Ruhr.<\/li>\n<li>2007 \u2013 <a href=\"http:\/\/jetzt.sueddeutsche.de\/texte\/anzeigen\/413401\">Idole<\/a>, K\u00fcnstlerbuch, von <a href=\"http:\/\/de.wikipedia.org\/wiki\/Haimo_Hieronymus\">Haimo Hieronymus <\/a>und <a href=\"http:\/\/de.wikipedia.org\/wiki\/Weigoni\">A.J. Weigoni<\/a>, in der Edition Das Labor f\u00fcr die Haimo-Presse, Neheim.<\/li>\n<li>2006 &#8211; 2011 &#8211; <a href=\"http:\/\/www.editiondaslabor.de\/blog\/2006\/01\/22\/splendid-isolation\/\"><em>Mikrogramme<\/em><\/a> von A.J. Weigoni auf KUNO.<\/li>\n<li>2005 \u2013 <a href=\"http:\/\/www.literaturkritik.de\/public\/rezension.php?rez_id=9424\">Dichterloh<\/a> &#8211; Kompositum in vier Akten. <a href=\"http:\/\/de.wikipedia.org\/wiki\/Weigoni\">A.J. Weigoni<\/a> geht fremd und ver\u00f6ffentlicht in der Lyrikedition 2000, M\u00fcnchen. Seine Rezitation erscheint auf dem H\u00f6rbuch \u00bb<a href=\"http:\/\/www.buecher-wiki.de\/index.php\/BuecherWiki\/WeigoniGedichte\">Gedichte<\/a>\u00ab.<\/li>\n<li>2004 \u2013 <a href=\"http:\/\/www.bookrix.de\/_title-de-matthias-hagedorn-kuenstlerbuecher\">Fazikel<\/a>, von <a href=\"http:\/\/de.wikipedia.org\/wiki\/Haimo_Hieronymus\">Haimo Hieronymus <\/a>und <a href=\"http:\/\/de.wikipedia.org\/wiki\/Weigoni\">A.J. Weigoni<\/a>, in der Edition Das Labor f\u00fcr die Haimo-Presse, Neheim.<\/li>\n<li>2004 \u2013 <a href=\"http:\/\/www.autoren-heute.de\/h\/Gedichte\/Amaryll.html\">Amaryll<\/a> H\u00f6rspiel-Live in der romanischen Kapelle &#8222;Dr\u00fcggelte&#8220;, Hommage a <a href=\"http:\/\/www.juergendiehl.de\/index2.html\">J\u00fcrgen Diehl<\/a>, remastered auf CD von <a href=\"http:\/\/www.tonstudio-an-der-ruhr.de\/\">Tom T\u00e4ger<\/a> f\u00fcr die Edition Das Labor, M\u00fclheim an der Ruhr.<\/li>\n<li>2003\/04\u2013<a href=\"http:\/\/www.vordenker.de\/meilchen\/beobachtungen.htm\">Beobachtungen eines Unsichtbaren<\/a> &#8211; von Peter Meilchen.<\/li>\n<li>2003 \u2013 <a href=\"http:\/\/www.editiondaslabor.de\/blog\/2003\/09\/18\/zu-wort-kommen-lassen\/\">Zur Sprache bringen<\/a>, O-Ton-H\u00f6rspiel, abgemischt von Tom T\u00e4ger im Tonstudio an der Ruhr f\u00fcr die Edition Das Labor, M\u00fclheim an der Ruhr.<\/li>\n<li>2003 \u2013 In 2003 stellte KUNO den <a href=\"http:\/\/www.editiondaslabor.de\/blog\/2003\/01\/01\/der-essay-als-versuchsanordnung\/\">Essay als Versuchsanordnung <\/a>vor.<\/li>\n<li>2002 \u2013 <a href=\"http:\/\/www.vordenker.de\/weigoni\/blutrausch.htm\">Blutrausch<\/a>, H\u00f6rspiel von <a href=\"http:\/\/de.wikipedia.org\/wiki\/Weigoni\">A.J. Weigoni<\/a>, Komposition: Tom T\u00e4ger. Remastered auf CD f\u00fcr die Edition Das Labor, M\u00fclheim an der Ruhr.<\/li>\n<li>2000 \u2013 <a href=\"http:\/\/www.bilder-raum.de\/\">UnderCover<\/a>, im Rheintor Linz. Sowie in der Werkstattgalerie Der Bogen, Arnsberg, mercure-Arts in K\u00f6ln, Kunstwechsel in Siegen, Casino in Bad M\u00fclheim, die Minipressen-Messe in Mainz und die Galerei Andreas Br\u00fcning in D\u00fcsseldorf.<\/li>\n<li>1999 \u2013 <a href=\"http:\/\/www.vordenker.de\/taeger\/ghosttraxxx.htm\">GhostTraXXX<\/a> von <a href=\"http:\/\/de.wikipedia.org\/wiki\/Weigoni\">A.J. Weigoni<\/a>, Regie: <a href=\"http:\/\/www.vordenker.de\/kollegen\/rauschan.htm\">Ioona Rauschan<\/a>, Komposition: Tom T\u00e4ger. Remastered auf CD von <a href=\"http:\/\/www.tonstudio-an-der-ruhr.de\/\">Tom T\u00e4ger<\/a> f\u00fcr die Edition Das Labor, M\u00fclheim an der Ruhr.<\/li>\n<li>1999 \u2013 <a href=\"http:\/\/www.editiondaslabor.de\/blog\/1999\/01\/18\/kollegengespraeche\/\">Kollegengespr\u00e4che<\/a>, VS in Cooperation mit dem Ventil-Verlag, Mainz, recherchierbar auf der Seite des Kooperationspartners <a href=\"http:\/\/www.vordenker.de\/navigation.htm\">www.vordenker.de<\/a><\/li>\n<li>1998 \u2013 <a href=\"http:\/\/www.vordenker.de\/weigoni\/mpaed.htm#7.%20Das%20Erlernen\">Ohryeure <\/a>literaturp\u00e4dagogische Projekte von <a href=\"http:\/\/de.wikipedia.org\/wiki\/Weigoni\">A.J. Weigoni<\/a>. Remastered auf CD von <a href=\"http:\/\/www.tonstudio-an-der-ruhr.de\/\">Tom T\u00e4ger<\/a> f\u00fcr die Edition Das Labor, M\u00fclheim an der Ruhr.<\/li>\n<li>1997 \u2013 <a href=\"http:\/\/www.vordenker.de\/gsd\/bred.htm\">RaumbredouilleReplica <\/a>H\u00f6rspiel von <a href=\"http:\/\/de.wikipedia.org\/wiki\/Weigoni\">A.J. Weigoni<\/a>, Komposition: Tom T\u00e4ger. Remastered auf CD\u00a0 f\u00fcr die Edition Das Labor, M\u00fclheim an der Ruhr.<\/li>\n<li>1995\u00a0\u2013 <a href=\"http:\/\/www.editiondaslabor.de\/blog\/?p=278\">artIQlationen<\/a> von <a href=\"http:\/\/www.birgitjensen.de\/\">Birgit Jensen<\/a> und <a href=\"http:\/\/de.wikipedia.org\/wiki\/Weigoni\">A.J. Weigoni.<\/a> Verlag Ralf Liebe.<\/li>\n<li>1996 \u2013 <a href=\"http:\/\/www.vordenker.de\/weigoni\/bildnisse.htm\">Bildnisse <\/a>Architextur f\u00fcr ein virtuelles Museum auf der Seite des Kooperationspartners <a href=\"http:\/\/www.vordenker.de\/navigation.htm\">www.vordenker.de<\/a><\/li>\n<li>1995 \u2013 <a href=\"http:\/\/www.kunstradio.at\/1995B\/2_11_95.html\">Top 100 <\/a>von <a href=\"http:\/\/de.wikipedia.org\/wiki\/Weigoni\">A.J. Weigoni<\/a>, mit LiteraturClips von Wolfgang Bargel, Phillip Boa, Marina Rother, Orson Welles, Scoredreth, Andy Schulz, Bumsi Behmer, Ginka Steinwachs, Der Plan, Tom T\u00e4ger, Anna Jacquemard, Miro Zahra, Bernd Wiesemann, Karl Heinz Blomann, u.a.<\/li>\n<li>1994 \u2013 <a href=\"http:\/\/www.vordenker.de\/halmackenreuther\/reality-radio-remix.htm\">Reality Radio <\/a>Radio-Satire von Mario Giordano, Ingrid Schl\u00fcter, Marina Rother &amp; A.J. Weigoni. Vom Unternehmen Halmackenreuther remastered auf CD f\u00fcr die Edition Das Labor, M\u00fclheim an der Ruhr.<\/li>\n<li>1992 \u2013 1996 &#8211; <a href=\"http:\/\/www.vordenker.de\/efrosch\/ef-worldtour.htm\">Ernst Frosch &amp; Die Original Oberkellner<\/a>.<\/li>\n<li>1993 \u2013 <a href=\"http:\/\/www.vordenker.de\/taeger\/5elemente.htm\">5 oder Die Elemente<\/a>, Live-H\u00f6rspiel von <a href=\"http:\/\/de.wikipedia.org\/wiki\/Weigoni\">A.J. Weigoni<\/a>, im Gutenberg- Saal der Stadt Mainz, Regie: <a href=\"http:\/\/www.vordenker.de\/kollegen\/rauschan.htm\">Ioona Rauschan<\/a>, Komposition: <a href=\"http:\/\/www.vordenker.de\/michaelis\/primafrank.htm\">Frank Michaelis<\/a>, Marion Haberstroh und Kai M\u00f6nnich, Schauspieler. Remastered auf CD von <a href=\"http:\/\/www.tonstudio-an-der-ruhr.de\/\">Tom T\u00e4ger<\/a> f\u00fcr die Edition Das Labor, M\u00fclheim an der Ruhr.<\/li>\n<li>1992 \u2013 <a href=\"http:\/\/www.editiondaslabor.de\/blog\/1992\/12\/13\/schland\/\">Schland <\/a>von Peter Meilchen, mit A.J. Weigoni (Ohr-Ratorium), Frank Michaelis, Saxophon (Komposition), <a href=\"http:\/\/www.logopaedie-haberstroh.de\/\">Marion Haberstroh<\/a> und <a href=\"http:\/\/www.moderator-event-moennich.de\/moderator\/schauspiel.htm\">Kai M\u00f6nnich<\/a>, Schauspieler. Remastered von <a href=\"http:\/\/www.tonstudio-an-der-ruhr.de\/\">Tom T\u00e4ger<\/a> f\u00fcr die Edition Das Labor, M\u00fclheim an der Ruhr als DVD.<\/li>\n<li>1992 \u2013 Fahnen und Banner von <a href=\"http:\/\/www.juergendiehl.de\/index2.html\">J\u00fcrgen Diehl<\/a> und A.J. Weigoni in der Werkstattgalerie Der Bogen.<\/li>\n<li>1991 \u2013 <a href=\"http:\/\/www.editiondaslabor.de\/blog\/1991\/01\/31\/literaturclips-2\/\">LiteraturClips<\/a> das erste H\u00f6rBuch auf CD von <a href=\"http:\/\/www.kreuzherreneck.de\/bobby\/htm\/michaelis.htm\">Frank Michaelis<\/a> und A.J. Weigoni, in Cooperation mit dem Label Constrictor, Dortmund.<\/li>\n<li>1990 \u2013 <a href=\"http:\/\/www.editiondaslabor.de\/blog\/1990\/05\/30\/das-kleine-helferlein\/\">Das kleine Helferlein<\/a>, H\u00f6rfilm von\u00a0<a href=\"http:\/\/de.wikipedia.org\/wiki\/Weigoni\">A.J. Weigoni<\/a>, feat. Klaus Urbons. Tape, Instant-Music,\u00a0remastered auf CD von Tom T\u00e4ger f\u00fcr die Edition Das Labor, M\u00fclheim an der Ruhr.<\/li>\n<li>1989\u00a0\u2013 <a href=\"http:\/\/www.editiondaslabor.de\/blog\/1989\/08\/11\/gossenhefte\/\"><em>Jaguar<\/em><\/a>, das erste Gossenheft von\u00a0<a href=\"http:\/\/de.wikipedia.org\/wiki\/Weigoni\">A.J. Weigoni<\/a> erscheint im KRASH-Verlag.<\/li>\n<li>1989 <a href=\"http:\/\/www.editiondaslabor.de\/blog\/1989\/02\/08\/man-han-isch-ne-dicke-kopp\/\">Man han isch ne dicke Kopp<\/a>, Carnevalssingle von Frank Michaelis und A.J. Weigoni, feat. Marion Haberstroh in der Rolle der Littly Anny Fanny. <em>instant-music<\/em>, D\u00fcsseldorf<\/li>\n<li>1989 \u2013 <a href=\"http:\/\/www.editiondaslabor.de\/blog\/1989\/05\/01\/kassettenuntergrund\/\"><em>the vera strange tapes<\/em><\/a>, Tape von <a href=\"http:\/\/www.kreuzherreneck.de\/bobby\/htm\/michaelis.htm\">Frank Michaelis<\/a> und <a href=\"http:\/\/de.wikipedia.org\/wiki\/Weigoni\">A.J. Weigoni<\/a>, Instant-Music,\u00a0remastered auf CD von <a href=\"http:\/\/www.tonstudio-an-der-ruhr.de\/\">Tom T\u00e4ger<\/a> f\u00fcr die Edition Das Labor, M\u00fclheim an der Ruhr.<\/li>\n<\/ul>\n","protected":false},"excerpt":{"rendered":"<p>2025 &#8211; Schmieds Katze, Vertellst\u00fcckskers von Johannes Schmidt. 2024 &#8211; Die Edition Das Labor stellt ein nachgelassenes Poem von A.J. Weigoni in 366 Strophen als Netzpublikation ein. Flankiert wird das Langstreckenpoem durch k\u00fcnstlerische Arbeiten von Haimo Hieronymus. In seinen Rotationen&hellip;<\/p>\n<p class=\"more-link-p\"><a class=\"more-link\" href=\"http:\/\/www.editiondaslabor.de\/blog\/chronik\/\">Read more &rarr;<\/a><\/p>\n","protected":false},"author":257,"featured_media":0,"parent":0,"menu_order":20,"comment_status":"closed","ping_status":"closed","template":"","meta":{"footnotes":""},"class_list":["post-311","page","type-page","status-publish","hentry"],"_links":{"self":[{"href":"http:\/\/www.editiondaslabor.de\/blog\/wp-json\/wp\/v2\/pages\/311","targetHints":{"allow":["GET"]}}],"collection":[{"href":"http:\/\/www.editiondaslabor.de\/blog\/wp-json\/wp\/v2\/pages"}],"about":[{"href":"http:\/\/www.editiondaslabor.de\/blog\/wp-json\/wp\/v2\/types\/page"}],"author":[{"embeddable":true,"href":"http:\/\/www.editiondaslabor.de\/blog\/wp-json\/wp\/v2\/users\/257"}],"replies":[{"embeddable":true,"href":"http:\/\/www.editiondaslabor.de\/blog\/wp-json\/wp\/v2\/comments?post=311"}],"version-history":[{"count":22,"href":"http:\/\/www.editiondaslabor.de\/blog\/wp-json\/wp\/v2\/pages\/311\/revisions"}],"predecessor-version":[{"id":107072,"href":"http:\/\/www.editiondaslabor.de\/blog\/wp-json\/wp\/v2\/pages\/311\/revisions\/107072"}],"wp:attachment":[{"href":"http:\/\/www.editiondaslabor.de\/blog\/wp-json\/wp\/v2\/media?parent=311"}],"curies":[{"name":"wp","href":"https:\/\/api.w.org\/{rel}","templated":true}]}}